{"id":50,"date":"2025-02-02T13:32:46","date_gmt":"2025-02-02T12:32:46","guid":{"rendered":"http:\/\/perfectkarpit.hu\/?page_id=50"},"modified":"2025-02-09T16:22:36","modified_gmt":"2025-02-09T15:22:36","slug":"kapcsolat","status":"publish","type":"page","link":"https:\/\/perfectkarpit.hu\/?page_id=50","title":{"rendered":"Kapcsolat"},"content":{"rendered":"<div class=\"wp-block-jetpack-contact-form\" style=\"padding-top:16px;padding-right:16px;padding-bottom:16px;padding-left:16px\">\n\n\n\n\n\n<\/div><p>7000 S\u00e1rbog\u00e1rd Kisfaludy ut 4\/B<\/p><p>Tel: +36308290764<\/p><p>Szak\u00e1cs Andr\u00e1s \u00dcgyvezet\u0151<\/p><p>Email: perfectkarpit@gmail.com<\/p><p>H\u00e9tf\u0151-P\u00e9ntek 8-16<\/p>","protected":false},"excerpt":{"rendered":"<p>7000 S\u00e1rbog\u00e1rd Kisfaludy ut 4\/B Tel: +36308290764 Szak\u00e1cs Andr\u00e1s \u00dcgyvezet\u0151 Email: perfectkarpit@gmail.com H\u00e9tf\u0151-P\u00e9ntek 8-16<\/p>\n","protected":false},"author":1,"featured_media":52,"parent":0,"menu_order":0,"comment_status":"closed","ping_status":"closed","template":"","meta":{"footnotes":""},"class_list":["post-50","page","type-page","status-publish","has-post-thumbnail","hentry"],"_links":{"self":[{"href":"https:\/\/perfectkarpit.hu\/index.php?rest_route=\/wp\/v2\/pages\/50","targetHints":{"allow":["GET"]}}],"collection":[{"href":"https:\/\/perfectkarpit.hu\/index.php?rest_route=\/wp\/v2\/pages"}],"about":[{"href":"https:\/\/perfectkarpit.hu\/index.php?rest_route=\/wp\/v2\/types\/page"}],"author":[{"embeddable":true,"href":"https:\/\/perfectkarpit.hu\/index.php?rest_route=\/wp\/v2\/users\/1"}],"replies":[{"embeddable":true,"href":"https:\/\/perfectkarpit.hu\/index.php?rest_route=%2Fwp%2Fv2%2Fcomments&post=50"}],"version-history":[{"count":4,"href":"https:\/\/perfectkarpit.hu\/index.php?rest_route=\/wp\/v2\/pages\/50\/revisions"}],"predecessor-version":[{"id":327,"href":"https:\/\/perfectkarpit.hu\/index.php?rest_route=\/wp\/v2\/pages\/50\/revisions\/327"}],"wp:featuredmedia":[{"embeddable":true,"href":"https:\/\/perfectkarpit.hu\/index.php?rest_route=\/wp\/v2\/media\/52"}],"wp:attachment":[{"href":"https:\/\/perfectkarpit.hu\/index.php?rest_route=%2Fwp%2Fv2%2Fmedia&parent=50"}],"curies":[{"name":"wp","href":"https:\/\/api.w.org\/{rel}","templated":true}]}}