{"id":273,"date":"2025-02-09T11:09:47","date_gmt":"2025-02-09T10:09:47","guid":{"rendered":"http:\/\/perfectkarpit.hu\/?page_id=273"},"modified":"2026-01-04T15:35:50","modified_gmt":"2026-01-04T14:35:50","slug":"auto-karpit","status":"publish","type":"page","link":"https:\/\/perfectkarpit.hu\/?page_id=273","title":{"rendered":"Aut\u00f3 k\u00e1rpit"},"content":{"rendered":"<figure class=\"wp-block-image aligncenter size-large\"><img fetchpriority=\"high\" decoding=\"async\" width=\"1024\" height=\"768\" src=\"https:\/\/perfectkarpit.hu\/wp-content\/uploads\/2026\/01\/IMG_4792-1024x768.jpeg\" alt=\"\" class=\"wp-image-501\" srcset=\"https:\/\/perfectkarpit.hu\/wp-content\/uploads\/2026\/01\/IMG_4792-1024x768.jpeg 1024w, https:\/\/perfectkarpit.hu\/wp-content\/uploads\/2026\/01\/IMG_4792-300x225.jpeg 300w, https:\/\/perfectkarpit.hu\/wp-content\/uploads\/2026\/01\/IMG_4792-768x576.jpeg 768w, https:\/\/perfectkarpit.hu\/wp-content\/uploads\/2026\/01\/IMG_4792-1536x1152.jpeg 1536w, https:\/\/perfectkarpit.hu\/wp-content\/uploads\/2026\/01\/IMG_4792-2048x1536.jpeg 2048w, https:\/\/perfectkarpit.hu\/wp-content\/uploads\/2026\/01\/IMG_4792-600x450.jpeg 600w\" sizes=\"(max-width: 1024px) 100vw, 1024px\" \/><\/figure><div class=\"wp-block-media-text alignwide is-stacked-on-mobile\" style=\"grid-template-columns:39% auto\"><figure class=\"wp-block-media-text__media\"><img decoding=\"async\" width=\"1024\" height=\"768\" src=\"http:\/\/perfectkarpit.hu\/wp-content\/uploads\/2025\/02\/IMG_20190626_131359-1024x768.jpg\" alt=\"Tet\u0151k\u00e1rpit csere szerel\u00e9ssel egy\u00fctt.\" class=\"wp-image-300 size-full\" srcset=\"https:\/\/perfectkarpit.hu\/wp-content\/uploads\/2025\/02\/IMG_20190626_131359-1024x768.jpg 1024w, https:\/\/perfectkarpit.hu\/wp-content\/uploads\/2025\/02\/IMG_20190626_131359-300x225.jpg 300w, https:\/\/perfectkarpit.hu\/wp-content\/uploads\/2025\/02\/IMG_20190626_131359-768x576.jpg 768w, https:\/\/perfectkarpit.hu\/wp-content\/uploads\/2025\/02\/IMG_20190626_131359-1536x1152.jpg 1536w, https:\/\/perfectkarpit.hu\/wp-content\/uploads\/2025\/02\/IMG_20190626_131359-2048x1536.jpg 2048w, https:\/\/perfectkarpit.hu\/wp-content\/uploads\/2025\/02\/IMG_20190626_131359-600x450.jpg 600w\" sizes=\"(max-width: 1024px) 100vw, 1024px\" \/><\/figure><div class=\"wp-block-media-text__content\"><p>Tet\u0151k\u00e1rpit csere szerel\u00e9ssel egy\u00fctt. Gy\u00e1ri anyagokkal 8\u00e9v garancia, ki \u00e9s be szerel\u00e9ssel, 24 \u00f3ra alatt.<\/p>\n\n<div class=\"wp-block-media-text is-stacked-on-mobile\" style=\"grid-template-columns:35% auto\"><figure class=\"wp-block-media-text__media\"><img decoding=\"async\" width=\"768\" height=\"1024\" src=\"http:\/\/perfectkarpit.hu\/wp-content\/uploads\/2025\/02\/IMG_1543-768x1024.jpg\" alt=\"\" class=\"wp-image-301 size-full\" srcset=\"https:\/\/perfectkarpit.hu\/wp-content\/uploads\/2025\/02\/IMG_1543-768x1024.jpg 768w, https:\/\/perfectkarpit.hu\/wp-content\/uploads\/2025\/02\/IMG_1543-225x300.jpg 225w, https:\/\/perfectkarpit.hu\/wp-content\/uploads\/2025\/02\/IMG_1543-1152x1536.jpg 1152w, https:\/\/perfectkarpit.hu\/wp-content\/uploads\/2025\/02\/IMG_1543-1536x2048.jpg 1536w, https:\/\/perfectkarpit.hu\/wp-content\/uploads\/2025\/02\/IMG_1543-600x800.jpg 600w, https:\/\/perfectkarpit.hu\/wp-content\/uploads\/2025\/02\/IMG_1543-scaled.jpg 1920w\" sizes=\"(max-width: 768px) 100vw, 768px\" \/><\/figure><div class=\"wp-block-media-text__content\"><p>Nem a ragaszt\u00f3 hanem a k\u00e1rpit alatt a szivacs \u00f6regszik el, mi elt\u00e1vol\u00edtjuk \u00e9s \u00faj anyagot kap ami megegyezik a gy\u00e1ri kin\u00e9zettel.<\/p><\/div><\/div>\n\n<div class=\"wp-block-media-text is-stacked-on-mobile\"><figure class=\"wp-block-media-text__media\"><img loading=\"lazy\" decoding=\"async\" width=\"1920\" height=\"2560\" src=\"http:\/\/perfectkarpit.hu\/wp-content\/uploads\/2025\/02\/IMG_20190731_073922-scaled.jpg\" alt=\"\" class=\"wp-image-308 size-full\" srcset=\"https:\/\/perfectkarpit.hu\/wp-content\/uploads\/2025\/02\/IMG_20190731_073922-scaled.jpg 1920w, https:\/\/perfectkarpit.hu\/wp-content\/uploads\/2025\/02\/IMG_20190731_073922-225x300.jpg 225w\" sizes=\"(max-width: 1920px) 100vw, 1920px\" \/><\/figure><div class=\"wp-block-media-text__content\"><p>Kiszakadt, elhaszn\u00e1lt \u00fcl\u00e9seket nem kell teljesen \u00e1th\u00fazni hisz el\u00e9g csak a hib\u00e1s elemet cser\u00e9lni.<\/p>\n\n<figure class=\"wp-block-image size-full is-resized\"><img loading=\"lazy\" decoding=\"async\" width=\"1920\" height=\"2560\" src=\"http:\/\/perfectkarpit.hu\/wp-content\/uploads\/2025\/02\/IMG_20190731_073928-scaled.jpg\" alt=\"\" class=\"wp-image-309\" style=\"width:234px;height:auto\"\/><figcaption class=\"wp-element-caption\">cof<\/figcaption><\/figure><\/div><\/div>\n\n<figure class=\"wp-block-gallery has-nested-images columns-default is-cropped wp-block-gallery-1 is-layout-flex wp-block-gallery-is-layout-flex\"><figure class=\"wp-block-image size-large\"><img loading=\"lazy\" decoding=\"async\" width=\"1024\" height=\"768\" data-id=\"499\" src=\"https:\/\/perfectkarpit.hu\/wp-content\/uploads\/2026\/01\/IMG_4791-1024x768.jpeg\" alt=\"\" class=\"wp-image-499\" srcset=\"https:\/\/perfectkarpit.hu\/wp-content\/uploads\/2026\/01\/IMG_4791-1024x768.jpeg 1024w, https:\/\/perfectkarpit.hu\/wp-content\/uploads\/2026\/01\/IMG_4791-300x225.jpeg 300w, https:\/\/perfectkarpit.hu\/wp-content\/uploads\/2026\/01\/IMG_4791-768x576.jpeg 768w, https:\/\/perfectkarpit.hu\/wp-content\/uploads\/2026\/01\/IMG_4791-1536x1152.jpeg 1536w, https:\/\/perfectkarpit.hu\/wp-content\/uploads\/2026\/01\/IMG_4791-2048x1536.jpeg 2048w, https:\/\/perfectkarpit.hu\/wp-content\/uploads\/2026\/01\/IMG_4791-600x450.jpeg 600w\" sizes=\"(max-width: 1024px) 100vw, 1024px\" \/><\/figure>\n\n<figure class=\"wp-block-image size-large\"><img loading=\"lazy\" decoding=\"async\" width=\"1024\" height=\"768\" data-id=\"497\" src=\"https:\/\/perfectkarpit.hu\/wp-content\/uploads\/2026\/01\/IMG_4790-1024x768.jpeg\" alt=\"\" class=\"wp-image-497\" srcset=\"https:\/\/perfectkarpit.hu\/wp-content\/uploads\/2026\/01\/IMG_4790-1024x768.jpeg 1024w, https:\/\/perfectkarpit.hu\/wp-content\/uploads\/2026\/01\/IMG_4790-300x225.jpeg 300w, https:\/\/perfectkarpit.hu\/wp-content\/uploads\/2026\/01\/IMG_4790-768x576.jpeg 768w, https:\/\/perfectkarpit.hu\/wp-content\/uploads\/2026\/01\/IMG_4790-1536x1152.jpeg 1536w, https:\/\/perfectkarpit.hu\/wp-content\/uploads\/2026\/01\/IMG_4790-2048x1536.jpeg 2048w, https:\/\/perfectkarpit.hu\/wp-content\/uploads\/2026\/01\/IMG_4790-600x450.jpeg 600w\" sizes=\"(max-width: 1024px) 100vw, 1024px\" \/><\/figure>\n\n<figure class=\"wp-block-image size-large\"><img loading=\"lazy\" decoding=\"async\" width=\"1024\" height=\"768\" data-id=\"502\" src=\"https:\/\/perfectkarpit.hu\/wp-content\/uploads\/2026\/01\/IMG_2671-1024x768.jpeg\" alt=\"\" class=\"wp-image-502\" srcset=\"https:\/\/perfectkarpit.hu\/wp-content\/uploads\/2026\/01\/IMG_2671-1024x768.jpeg 1024w, https:\/\/perfectkarpit.hu\/wp-content\/uploads\/2026\/01\/IMG_2671-300x225.jpeg 300w, https:\/\/perfectkarpit.hu\/wp-content\/uploads\/2026\/01\/IMG_2671-768x576.jpeg 768w, https:\/\/perfectkarpit.hu\/wp-content\/uploads\/2026\/01\/IMG_2671-1536x1152.jpeg 1536w, https:\/\/perfectkarpit.hu\/wp-content\/uploads\/2026\/01\/IMG_2671-2048x1536.jpeg 2048w, https:\/\/perfectkarpit.hu\/wp-content\/uploads\/2026\/01\/IMG_2671-600x450.jpeg 600w\" sizes=\"(max-width: 1024px) 100vw, 1024px\" \/><\/figure>\n\n<figure class=\"wp-block-image size-large\"><img loading=\"lazy\" decoding=\"async\" width=\"1024\" height=\"768\" data-id=\"500\" src=\"https:\/\/perfectkarpit.hu\/wp-content\/uploads\/2026\/01\/IMG_2670-1024x768.jpeg\" alt=\"\" class=\"wp-image-500\" srcset=\"https:\/\/perfectkarpit.hu\/wp-content\/uploads\/2026\/01\/IMG_2670-1024x768.jpeg 1024w, https:\/\/perfectkarpit.hu\/wp-content\/uploads\/2026\/01\/IMG_2670-300x225.jpeg 300w, https:\/\/perfectkarpit.hu\/wp-content\/uploads\/2026\/01\/IMG_2670-768x576.jpeg 768w, https:\/\/perfectkarpit.hu\/wp-content\/uploads\/2026\/01\/IMG_2670-1536x1152.jpeg 1536w, https:\/\/perfectkarpit.hu\/wp-content\/uploads\/2026\/01\/IMG_2670-2048x1536.jpeg 2048w, https:\/\/perfectkarpit.hu\/wp-content\/uploads\/2026\/01\/IMG_2670-600x450.jpeg 600w\" sizes=\"(max-width: 1024px) 100vw, 1024px\" \/><\/figure>\n\n<figure class=\"wp-block-image size-large\"><img loading=\"lazy\" decoding=\"async\" width=\"1024\" height=\"768\" data-id=\"496\" src=\"https:\/\/perfectkarpit.hu\/wp-content\/uploads\/2026\/01\/IMG_20201118_162327-1024x768.jpeg\" alt=\"\" class=\"wp-image-496\" srcset=\"https:\/\/perfectkarpit.hu\/wp-content\/uploads\/2026\/01\/IMG_20201118_162327-1024x768.jpeg 1024w, https:\/\/perfectkarpit.hu\/wp-content\/uploads\/2026\/01\/IMG_20201118_162327-300x225.jpeg 300w, https:\/\/perfectkarpit.hu\/wp-content\/uploads\/2026\/01\/IMG_20201118_162327-768x576.jpeg 768w, https:\/\/perfectkarpit.hu\/wp-content\/uploads\/2026\/01\/IMG_20201118_162327-1536x1152.jpeg 1536w, https:\/\/perfectkarpit.hu\/wp-content\/uploads\/2026\/01\/IMG_20201118_162327-2048x1536.jpeg 2048w, https:\/\/perfectkarpit.hu\/wp-content\/uploads\/2026\/01\/IMG_20201118_162327-600x450.jpeg 600w\" sizes=\"(max-width: 1024px) 100vw, 1024px\" \/><\/figure>\n\n<figure class=\"wp-block-image size-large\"><img loading=\"lazy\" decoding=\"async\" width=\"1024\" height=\"768\" data-id=\"498\" src=\"https:\/\/perfectkarpit.hu\/wp-content\/uploads\/2026\/01\/IMG_20201118_162324-1024x768.jpeg\" alt=\"\" class=\"wp-image-498\" srcset=\"https:\/\/perfectkarpit.hu\/wp-content\/uploads\/2026\/01\/IMG_20201118_162324-1024x768.jpeg 1024w, https:\/\/perfectkarpit.hu\/wp-content\/uploads\/2026\/01\/IMG_20201118_162324-300x225.jpeg 300w, https:\/\/perfectkarpit.hu\/wp-content\/uploads\/2026\/01\/IMG_20201118_162324-768x576.jpeg 768w, https:\/\/perfectkarpit.hu\/wp-content\/uploads\/2026\/01\/IMG_20201118_162324-1536x1152.jpeg 1536w, https:\/\/perfectkarpit.hu\/wp-content\/uploads\/2026\/01\/IMG_20201118_162324-2048x1536.jpeg 2048w, https:\/\/perfectkarpit.hu\/wp-content\/uploads\/2026\/01\/IMG_20201118_162324-600x450.jpeg 600w\" sizes=\"(max-width: 1024px) 100vw, 1024px\" \/><\/figure>\n\n<figure class=\"wp-block-image size-large\"><img loading=\"lazy\" decoding=\"async\" width=\"1024\" height=\"768\" data-id=\"503\" src=\"https:\/\/perfectkarpit.hu\/wp-content\/uploads\/2026\/01\/IMG_20201118_162246-1024x768.jpeg\" alt=\"\" class=\"wp-image-503\" srcset=\"https:\/\/perfectkarpit.hu\/wp-content\/uploads\/2026\/01\/IMG_20201118_162246-1024x768.jpeg 1024w, https:\/\/perfectkarpit.hu\/wp-content\/uploads\/2026\/01\/IMG_20201118_162246-300x225.jpeg 300w, https:\/\/perfectkarpit.hu\/wp-content\/uploads\/2026\/01\/IMG_20201118_162246-768x576.jpeg 768w, https:\/\/perfectkarpit.hu\/wp-content\/uploads\/2026\/01\/IMG_20201118_162246-1536x1152.jpeg 1536w, https:\/\/perfectkarpit.hu\/wp-content\/uploads\/2026\/01\/IMG_20201118_162246-2048x1536.jpeg 2048w, https:\/\/perfectkarpit.hu\/wp-content\/uploads\/2026\/01\/IMG_20201118_162246-600x450.jpeg 600w\" sizes=\"(max-width: 1024px) 100vw, 1024px\" \/><\/figure>\n\n<figure class=\"wp-block-image size-large\"><img loading=\"lazy\" decoding=\"async\" width=\"1024\" height=\"768\" data-id=\"504\" src=\"https:\/\/perfectkarpit.hu\/wp-content\/uploads\/2026\/01\/IMG_20200428_075627-1024x768.jpeg\" alt=\"\" class=\"wp-image-504\" srcset=\"https:\/\/perfectkarpit.hu\/wp-content\/uploads\/2026\/01\/IMG_20200428_075627-1024x768.jpeg 1024w, https:\/\/perfectkarpit.hu\/wp-content\/uploads\/2026\/01\/IMG_20200428_075627-300x225.jpeg 300w, https:\/\/perfectkarpit.hu\/wp-content\/uploads\/2026\/01\/IMG_20200428_075627-768x576.jpeg 768w, https:\/\/perfectkarpit.hu\/wp-content\/uploads\/2026\/01\/IMG_20200428_075627-1536x1152.jpeg 1536w, https:\/\/perfectkarpit.hu\/wp-content\/uploads\/2026\/01\/IMG_20200428_075627-2048x1536.jpeg 2048w, https:\/\/perfectkarpit.hu\/wp-content\/uploads\/2026\/01\/IMG_20200428_075627-600x450.jpeg 600w\" sizes=\"(max-width: 1024px) 100vw, 1024px\" \/><\/figure>\n\n<figure class=\"wp-block-image size-large\"><img loading=\"lazy\" decoding=\"async\" width=\"768\" height=\"1024\" data-id=\"505\" src=\"https:\/\/perfectkarpit.hu\/wp-content\/uploads\/2026\/01\/IMG_20200428_160631-768x1024.jpeg\" alt=\"\" class=\"wp-image-505\" srcset=\"https:\/\/perfectkarpit.hu\/wp-content\/uploads\/2026\/01\/IMG_20200428_160631-768x1024.jpeg 768w, https:\/\/perfectkarpit.hu\/wp-content\/uploads\/2026\/01\/IMG_20200428_160631-225x300.jpeg 225w, https:\/\/perfectkarpit.hu\/wp-content\/uploads\/2026\/01\/IMG_20200428_160631-1152x1536.jpeg 1152w, https:\/\/perfectkarpit.hu\/wp-content\/uploads\/2026\/01\/IMG_20200428_160631-1536x2048.jpeg 1536w, https:\/\/perfectkarpit.hu\/wp-content\/uploads\/2026\/01\/IMG_20200428_160631-600x800.jpeg 600w, https:\/\/perfectkarpit.hu\/wp-content\/uploads\/2026\/01\/IMG_20200428_160631-scaled.jpeg 1920w\" sizes=\"(max-width: 768px) 100vw, 768px\" \/><\/figure>\n\n<figure class=\"wp-block-image size-large\"><img loading=\"lazy\" decoding=\"async\" width=\"1024\" height=\"768\" data-id=\"507\" src=\"https:\/\/perfectkarpit.hu\/wp-content\/uploads\/2026\/01\/IMG_20200428_164406-1024x768.jpeg\" alt=\"\" class=\"wp-image-507\" srcset=\"https:\/\/perfectkarpit.hu\/wp-content\/uploads\/2026\/01\/IMG_20200428_164406-1024x768.jpeg 1024w, https:\/\/perfectkarpit.hu\/wp-content\/uploads\/2026\/01\/IMG_20200428_164406-300x225.jpeg 300w, https:\/\/perfectkarpit.hu\/wp-content\/uploads\/2026\/01\/IMG_20200428_164406-768x576.jpeg 768w, https:\/\/perfectkarpit.hu\/wp-content\/uploads\/2026\/01\/IMG_20200428_164406-1536x1152.jpeg 1536w, https:\/\/perfectkarpit.hu\/wp-content\/uploads\/2026\/01\/IMG_20200428_164406-2048x1536.jpeg 2048w, https:\/\/perfectkarpit.hu\/wp-content\/uploads\/2026\/01\/IMG_20200428_164406-600x450.jpeg 600w\" sizes=\"(max-width: 1024px) 100vw, 1024px\" \/><\/figure>\n\n<figure class=\"wp-block-image size-large\"><img loading=\"lazy\" decoding=\"async\" width=\"1024\" height=\"768\" data-id=\"508\" src=\"https:\/\/perfectkarpit.hu\/wp-content\/uploads\/2026\/01\/IMG_20200428_153816-1024x768.jpeg\" alt=\"\" class=\"wp-image-508\" srcset=\"https:\/\/perfectkarpit.hu\/wp-content\/uploads\/2026\/01\/IMG_20200428_153816-1024x768.jpeg 1024w, https:\/\/perfectkarpit.hu\/wp-content\/uploads\/2026\/01\/IMG_20200428_153816-300x225.jpeg 300w, https:\/\/perfectkarpit.hu\/wp-content\/uploads\/2026\/01\/IMG_20200428_153816-768x576.jpeg 768w, https:\/\/perfectkarpit.hu\/wp-content\/uploads\/2026\/01\/IMG_20200428_153816-1536x1152.jpeg 1536w, https:\/\/perfectkarpit.hu\/wp-content\/uploads\/2026\/01\/IMG_20200428_153816-2048x1536.jpeg 2048w, https:\/\/perfectkarpit.hu\/wp-content\/uploads\/2026\/01\/IMG_20200428_153816-600x450.jpeg 600w\" sizes=\"(max-width: 1024px) 100vw, 1024px\" \/><\/figure>\n\n<figure class=\"wp-block-image size-large\"><img loading=\"lazy\" decoding=\"async\" width=\"1024\" height=\"768\" data-id=\"506\" src=\"https:\/\/perfectkarpit.hu\/wp-content\/uploads\/2026\/01\/IMG_20200421_162111-1024x768.jpeg\" alt=\"\" class=\"wp-image-506\" srcset=\"https:\/\/perfectkarpit.hu\/wp-content\/uploads\/2026\/01\/IMG_20200421_162111-1024x768.jpeg 1024w, https:\/\/perfectkarpit.hu\/wp-content\/uploads\/2026\/01\/IMG_20200421_162111-300x225.jpeg 300w, https:\/\/perfectkarpit.hu\/wp-content\/uploads\/2026\/01\/IMG_20200421_162111-768x576.jpeg 768w, https:\/\/perfectkarpit.hu\/wp-content\/uploads\/2026\/01\/IMG_20200421_162111-1536x1152.jpeg 1536w, https:\/\/perfectkarpit.hu\/wp-content\/uploads\/2026\/01\/IMG_20200421_162111-2048x1536.jpeg 2048w, https:\/\/perfectkarpit.hu\/wp-content\/uploads\/2026\/01\/IMG_20200421_162111-600x450.jpeg 600w\" sizes=\"(max-width: 1024px) 100vw, 1024px\" \/><\/figure>\n\n<figure class=\"wp-block-image size-large\"><img loading=\"lazy\" decoding=\"async\" width=\"1024\" height=\"768\" data-id=\"509\" src=\"https:\/\/perfectkarpit.hu\/wp-content\/uploads\/2026\/01\/IMG_20200420_180042_Original-1024x768.jpeg\" alt=\"\" class=\"wp-image-509\" srcset=\"https:\/\/perfectkarpit.hu\/wp-content\/uploads\/2026\/01\/IMG_20200420_180042_Original-1024x768.jpeg 1024w, https:\/\/perfectkarpit.hu\/wp-content\/uploads\/2026\/01\/IMG_20200420_180042_Original-300x225.jpeg 300w, https:\/\/perfectkarpit.hu\/wp-content\/uploads\/2026\/01\/IMG_20200420_180042_Original-768x576.jpeg 768w, https:\/\/perfectkarpit.hu\/wp-content\/uploads\/2026\/01\/IMG_20200420_180042_Original-1536x1152.jpeg 1536w, https:\/\/perfectkarpit.hu\/wp-content\/uploads\/2026\/01\/IMG_20200420_180042_Original-2048x1536.jpeg 2048w, https:\/\/perfectkarpit.hu\/wp-content\/uploads\/2026\/01\/IMG_20200420_180042_Original-600x450.jpeg 600w\" sizes=\"(max-width: 1024px) 100vw, 1024px\" \/><\/figure>\n\n<figure class=\"wp-block-image size-large\"><img loading=\"lazy\" decoding=\"async\" width=\"1024\" height=\"768\" data-id=\"510\" src=\"https:\/\/perfectkarpit.hu\/wp-content\/uploads\/2026\/01\/IMG_20200421_162038-1024x768.jpeg\" alt=\"\" class=\"wp-image-510\" srcset=\"https:\/\/perfectkarpit.hu\/wp-content\/uploads\/2026\/01\/IMG_20200421_162038-1024x768.jpeg 1024w, https:\/\/perfectkarpit.hu\/wp-content\/uploads\/2026\/01\/IMG_20200421_162038-300x225.jpeg 300w, https:\/\/perfectkarpit.hu\/wp-content\/uploads\/2026\/01\/IMG_20200421_162038-768x576.jpeg 768w, https:\/\/perfectkarpit.hu\/wp-content\/uploads\/2026\/01\/IMG_20200421_162038-1536x1152.jpeg 1536w, https:\/\/perfectkarpit.hu\/wp-content\/uploads\/2026\/01\/IMG_20200421_162038-2048x1536.jpeg 2048w, https:\/\/perfectkarpit.hu\/wp-content\/uploads\/2026\/01\/IMG_20200421_162038-600x450.jpeg 600w\" sizes=\"(max-width: 1024px) 100vw, 1024px\" \/><\/figure>\n\n<figure class=\"wp-block-image size-large\"><img loading=\"lazy\" decoding=\"async\" width=\"1024\" height=\"768\" data-id=\"514\" src=\"https:\/\/perfectkarpit.hu\/wp-content\/uploads\/2026\/01\/IMG_20200402_153306-1024x768.jpeg\" alt=\"\" class=\"wp-image-514\" srcset=\"https:\/\/perfectkarpit.hu\/wp-content\/uploads\/2026\/01\/IMG_20200402_153306-1024x768.jpeg 1024w, https:\/\/perfectkarpit.hu\/wp-content\/uploads\/2026\/01\/IMG_20200402_153306-300x225.jpeg 300w, https:\/\/perfectkarpit.hu\/wp-content\/uploads\/2026\/01\/IMG_20200402_153306-768x576.jpeg 768w, https:\/\/perfectkarpit.hu\/wp-content\/uploads\/2026\/01\/IMG_20200402_153306-1536x1152.jpeg 1536w, https:\/\/perfectkarpit.hu\/wp-content\/uploads\/2026\/01\/IMG_20200402_153306-2048x1536.jpeg 2048w, https:\/\/perfectkarpit.hu\/wp-content\/uploads\/2026\/01\/IMG_20200402_153306-600x450.jpeg 600w\" sizes=\"(max-width: 1024px) 100vw, 1024px\" \/><\/figure>\n\n<figure class=\"wp-block-image size-large\"><img loading=\"lazy\" decoding=\"async\" width=\"768\" height=\"1024\" data-id=\"511\" src=\"https:\/\/perfectkarpit.hu\/wp-content\/uploads\/2026\/01\/IMG_20201203_130521_Original-768x1024.jpeg\" alt=\"\" class=\"wp-image-511\" srcset=\"https:\/\/perfectkarpit.hu\/wp-content\/uploads\/2026\/01\/IMG_20201203_130521_Original-768x1024.jpeg 768w, https:\/\/perfectkarpit.hu\/wp-content\/uploads\/2026\/01\/IMG_20201203_130521_Original-225x300.jpeg 225w, https:\/\/perfectkarpit.hu\/wp-content\/uploads\/2026\/01\/IMG_20201203_130521_Original-1152x1536.jpeg 1152w, https:\/\/perfectkarpit.hu\/wp-content\/uploads\/2026\/01\/IMG_20201203_130521_Original-1536x2048.jpeg 1536w, https:\/\/perfectkarpit.hu\/wp-content\/uploads\/2026\/01\/IMG_20201203_130521_Original-600x800.jpeg 600w, https:\/\/perfectkarpit.hu\/wp-content\/uploads\/2026\/01\/IMG_20201203_130521_Original-scaled.jpeg 1920w\" sizes=\"(max-width: 768px) 100vw, 768px\" \/><\/figure>\n\n<figure class=\"wp-block-image size-large\"><img loading=\"lazy\" decoding=\"async\" width=\"768\" height=\"1024\" data-id=\"512\" src=\"https:\/\/perfectkarpit.hu\/wp-content\/uploads\/2026\/01\/IMG_20200115_083105_Original-768x1024.jpeg\" alt=\"\" class=\"wp-image-512\" srcset=\"https:\/\/perfectkarpit.hu\/wp-content\/uploads\/2026\/01\/IMG_20200115_083105_Original-768x1024.jpeg 768w, https:\/\/perfectkarpit.hu\/wp-content\/uploads\/2026\/01\/IMG_20200115_083105_Original-225x300.jpeg 225w, https:\/\/perfectkarpit.hu\/wp-content\/uploads\/2026\/01\/IMG_20200115_083105_Original-1152x1536.jpeg 1152w, https:\/\/perfectkarpit.hu\/wp-content\/uploads\/2026\/01\/IMG_20200115_083105_Original-1536x2048.jpeg 1536w, https:\/\/perfectkarpit.hu\/wp-content\/uploads\/2026\/01\/IMG_20200115_083105_Original-600x800.jpeg 600w, https:\/\/perfectkarpit.hu\/wp-content\/uploads\/2026\/01\/IMG_20200115_083105_Original-scaled.jpeg 1920w\" sizes=\"(max-width: 768px) 100vw, 768px\" \/><\/figure>\n\n<figure class=\"wp-block-image size-large\"><img loading=\"lazy\" decoding=\"async\" width=\"768\" height=\"1024\" data-id=\"513\" src=\"https:\/\/perfectkarpit.hu\/wp-content\/uploads\/2026\/01\/IMG_20200115_102052_Original-768x1024.jpeg\" alt=\"\" class=\"wp-image-513\" srcset=\"https:\/\/perfectkarpit.hu\/wp-content\/uploads\/2026\/01\/IMG_20200115_102052_Original-768x1024.jpeg 768w, https:\/\/perfectkarpit.hu\/wp-content\/uploads\/2026\/01\/IMG_20200115_102052_Original-225x300.jpeg 225w, https:\/\/perfectkarpit.hu\/wp-content\/uploads\/2026\/01\/IMG_20200115_102052_Original-1152x1536.jpeg 1152w, https:\/\/perfectkarpit.hu\/wp-content\/uploads\/2026\/01\/IMG_20200115_102052_Original-1536x2048.jpeg 1536w, https:\/\/perfectkarpit.hu\/wp-content\/uploads\/2026\/01\/IMG_20200115_102052_Original-600x800.jpeg 600w, https:\/\/perfectkarpit.hu\/wp-content\/uploads\/2026\/01\/IMG_20200115_102052_Original-scaled.jpeg 1920w\" sizes=\"(max-width: 768px) 100vw, 768px\" \/><\/figure><\/figure><\/div><\/div><figure class=\"wp-block-image size-large\"><img loading=\"lazy\" decoding=\"async\" width=\"1024\" height=\"768\" src=\"https:\/\/perfectkarpit.hu\/wp-content\/uploads\/2026\/01\/IMG_1567-1024x768.jpeg\" alt=\"\" class=\"wp-image-458\" srcset=\"https:\/\/perfectkarpit.hu\/wp-content\/uploads\/2026\/01\/IMG_1567-1024x768.jpeg 1024w, https:\/\/perfectkarpit.hu\/wp-content\/uploads\/2026\/01\/IMG_1567-300x225.jpeg 300w, https:\/\/perfectkarpit.hu\/wp-content\/uploads\/2026\/01\/IMG_1567-768x576.jpeg 768w, https:\/\/perfectkarpit.hu\/wp-content\/uploads\/2026\/01\/IMG_1567-1536x1152.jpeg 1536w, https:\/\/perfectkarpit.hu\/wp-content\/uploads\/2026\/01\/IMG_1567-2048x1536.jpeg 2048w, https:\/\/perfectkarpit.hu\/wp-content\/uploads\/2026\/01\/IMG_1567-600x450.jpeg 600w\" sizes=\"(max-width: 1024px) 100vw, 1024px\" \/><\/figure><figure class=\"wp-block-embed is-type-video is-provider-tiktok wp-block-embed-tiktok\"><div class=\"wp-block-embed__wrapper\">\n<blockquote class=\"tiktok-embed\" cite=\"https:\/\/www.tiktok.com\/@perfectkarpit\/video\/7433868474906086678\" data-video-id=\"7433868474906086678\" data-embed-from=\"oembed\" style=\"max-width:605px; min-width:325px;\"> <section> <a target=\"_blank\" title=\"@perfectkarpit\" href=\"https:\/\/www.tiktok.com\/@perfectkarpit?refer=embed\">@perfectkarpit<\/a> <p><a title=\"tet\u0151k\u00e1rpit\" target=\"_blank\" href=\"https:\/\/www.tiktok.com\/tag\/tet%C5%91k%C3%A1rpit?refer=embed\">#tet\u0151k\u00e1rpit<\/a>  <a title=\"auto\" target=\"_blank\" href=\"https:\/\/www.tiktok.com\/tag\/auto?refer=embed\">#auto<\/a> <a title=\"k\u00e1rpitoz\u00e1s\" target=\"_blank\" href=\"https:\/\/www.tiktok.com\/tag\/k%C3%A1rpitoz%C3%A1s?refer=embed\">#k\u00e1rpitoz\u00e1s<\/a> <\/p> <a target=\"_blank\" title=\"\u266c Incomparable Love - Josu\u00e9 Novais Piano Worship\" href=\"https:\/\/www.tiktok.com\/music\/Incomparable-Love-7373317587096307713?refer=embed\">\u266c Incomparable Love &#8211; Josu\u00e9 Novais Piano Worship<\/a> <\/section> <\/blockquote> <script async src=\"https:\/\/www.tiktok.com\/embed.js\"><\/script>\n<\/div><\/figure>","protected":false},"excerpt":{"rendered":"","protected":false},"author":1,"featured_media":0,"parent":0,"menu_order":0,"comment_status":"closed","ping_status":"closed","template":"","meta":{"footnotes":""},"class_list":["post-273","page","type-page","status-publish","hentry"],"_links":{"self":[{"href":"https:\/\/perfectkarpit.hu\/index.php?rest_route=\/wp\/v2\/pages\/273","targetHints":{"allow":["GET"]}}],"collection":[{"href":"https:\/\/perfectkarpit.hu\/index.php?rest_route=\/wp\/v2\/pages"}],"about":[{"href":"https:\/\/perfectkarpit.hu\/index.php?rest_route=\/wp\/v2\/types\/page"}],"author":[{"embeddable":true,"href":"https:\/\/perfectkarpit.hu\/index.php?rest_route=\/wp\/v2\/users\/1"}],"replies":[{"embeddable":true,"href":"https:\/\/perfectkarpit.hu\/index.php?rest_route=%2Fwp%2Fv2%2Fcomments&post=273"}],"version-history":[{"count":10,"href":"https:\/\/perfectkarpit.hu\/index.php?rest_route=\/wp\/v2\/pages\/273\/revisions"}],"predecessor-version":[{"id":515,"href":"https:\/\/perfectkarpit.hu\/index.php?rest_route=\/wp\/v2\/pages\/273\/revisions\/515"}],"wp:attachment":[{"href":"https:\/\/perfectkarpit.hu\/index.php?rest_route=%2Fwp%2Fv2%2Fmedia&parent=273"}],"curies":[{"name":"wp","href":"https:\/\/api.w.org\/{rel}","templated":true}]}}