{"id":259,"date":"2025-02-09T11:07:03","date_gmt":"2025-02-09T10:07:03","guid":{"rendered":"http:\/\/perfectkarpit.hu\/?page_id=259"},"modified":"2026-01-04T15:33:18","modified_gmt":"2026-01-04T14:33:18","slug":"foliazas","status":"publish","type":"page","link":"https:\/\/perfectkarpit.hu\/?page_id=259","title":{"rendered":"F\u00f3li\u00e1z\u00e1s"},"content":{"rendered":"<figure class=\"wp-block-image size-large is-resized\"><img fetchpriority=\"high\" decoding=\"async\" width=\"1024\" height=\"768\" src=\"https:\/\/perfectkarpit.hu\/wp-content\/uploads\/2026\/01\/IMG_9180-1024x768.jpeg\" alt=\"\" class=\"wp-image-485\" style=\"aspect-ratio:1.333357412892196;width:387px;height:auto\" srcset=\"https:\/\/perfectkarpit.hu\/wp-content\/uploads\/2026\/01\/IMG_9180-1024x768.jpeg 1024w, https:\/\/perfectkarpit.hu\/wp-content\/uploads\/2026\/01\/IMG_9180-300x225.jpeg 300w, https:\/\/perfectkarpit.hu\/wp-content\/uploads\/2026\/01\/IMG_9180-768x576.jpeg 768w, https:\/\/perfectkarpit.hu\/wp-content\/uploads\/2026\/01\/IMG_9180-1536x1152.jpeg 1536w, https:\/\/perfectkarpit.hu\/wp-content\/uploads\/2026\/01\/IMG_9180-2048x1536.jpeg 2048w, https:\/\/perfectkarpit.hu\/wp-content\/uploads\/2026\/01\/IMG_9180-600x450.jpeg 600w\" sizes=\"(max-width: 1024px) 100vw, 1024px\" \/><\/figure><div class=\"wp-block-media-text is-stacked-on-mobile\"><figure class=\"wp-block-media-text__media\"><img decoding=\"async\" width=\"1024\" height=\"768\" src=\"http:\/\/perfectkarpit.hu\/wp-content\/uploads\/2025\/02\/IMG_5130-1024x768.jpeg\" alt=\"\" class=\"wp-image-121 size-full\" srcset=\"https:\/\/perfectkarpit.hu\/wp-content\/uploads\/2025\/02\/IMG_5130-1024x768.jpeg 1024w, https:\/\/perfectkarpit.hu\/wp-content\/uploads\/2025\/02\/IMG_5130-600x450.jpeg 600w, https:\/\/perfectkarpit.hu\/wp-content\/uploads\/2025\/02\/IMG_5130-300x225.jpeg 300w, https:\/\/perfectkarpit.hu\/wp-content\/uploads\/2025\/02\/IMG_5130-768x576.jpeg 768w, https:\/\/perfectkarpit.hu\/wp-content\/uploads\/2025\/02\/IMG_5130-1536x1152.jpeg 1536w, https:\/\/perfectkarpit.hu\/wp-content\/uploads\/2025\/02\/IMG_5130.jpeg 2048w\" sizes=\"(max-width: 1024px) 100vw, 1024px\" \/><\/figure><div class=\"wp-block-media-text__content\"><p>Egyedi f\u00f3li\u00e1z\u00e1s haj\u00f3, aut\u00f3.<\/p>\n\n<div class=\"wp-block-media-text is-stacked-on-mobile\"><figure class=\"wp-block-media-text__media\"><img decoding=\"async\" width=\"1024\" height=\"768\" src=\"http:\/\/perfectkarpit.hu\/wp-content\/uploads\/2025\/02\/IMG_6897-1024x768.jpeg\" alt=\"\" class=\"wp-image-170 size-full\" srcset=\"https:\/\/perfectkarpit.hu\/wp-content\/uploads\/2025\/02\/IMG_6897-1024x768.jpeg 1024w, https:\/\/perfectkarpit.hu\/wp-content\/uploads\/2025\/02\/IMG_6897-600x450.jpeg 600w, https:\/\/perfectkarpit.hu\/wp-content\/uploads\/2025\/02\/IMG_6897-300x225.jpeg 300w, https:\/\/perfectkarpit.hu\/wp-content\/uploads\/2025\/02\/IMG_6897-768x576.jpeg 768w, https:\/\/perfectkarpit.hu\/wp-content\/uploads\/2025\/02\/IMG_6897-1536x1152.jpeg 1536w, https:\/\/perfectkarpit.hu\/wp-content\/uploads\/2025\/02\/IMG_6897.jpeg 2048w\" sizes=\"(max-width: 1024px) 100vw, 1024px\" \/><\/figure><div class=\"wp-block-media-text__content\"><p>Nem ig\u00e9nyel pol\u00edrt \u00e9vekig<\/p><\/div><\/div>\n\n<div class=\"wp-block-media-text is-stacked-on-mobile\"><figure class=\"wp-block-media-text__media\"><img loading=\"lazy\" decoding=\"async\" width=\"1024\" height=\"768\" src=\"http:\/\/perfectkarpit.hu\/wp-content\/uploads\/2025\/02\/IMG_6540-1024x768.jpeg\" alt=\"\" class=\"wp-image-129 size-full\" srcset=\"https:\/\/perfectkarpit.hu\/wp-content\/uploads\/2025\/02\/IMG_6540-1024x768.jpeg 1024w, https:\/\/perfectkarpit.hu\/wp-content\/uploads\/2025\/02\/IMG_6540-600x450.jpeg 600w, https:\/\/perfectkarpit.hu\/wp-content\/uploads\/2025\/02\/IMG_6540-300x225.jpeg 300w, https:\/\/perfectkarpit.hu\/wp-content\/uploads\/2025\/02\/IMG_6540-768x576.jpeg 768w, https:\/\/perfectkarpit.hu\/wp-content\/uploads\/2025\/02\/IMG_6540-1536x1152.jpeg 1536w, https:\/\/perfectkarpit.hu\/wp-content\/uploads\/2025\/02\/IMG_6540.jpeg 2048w\" sizes=\"(max-width: 1024px) 100vw, 1024px\" \/><\/figure><div class=\"wp-block-media-text__content\"><p>Ak\u00e1r b\u00fatorr ak\u00e1r karrossz\u00e9ria<\/p><\/div><\/div>\n\n<div class=\"wp-block-media-text is-stacked-on-mobile\"><figure class=\"wp-block-media-text__media\"><img loading=\"lazy\" decoding=\"async\" width=\"1024\" height=\"768\" src=\"http:\/\/perfectkarpit.hu\/wp-content\/uploads\/2024\/06\/IMG_4903-1024x768.jpeg\" alt=\"\" class=\"wp-image-9 size-full\" srcset=\"https:\/\/perfectkarpit.hu\/wp-content\/uploads\/2024\/06\/IMG_4903-1024x768.jpeg 1024w, https:\/\/perfectkarpit.hu\/wp-content\/uploads\/2024\/06\/IMG_4903-600x450.jpeg 600w, https:\/\/perfectkarpit.hu\/wp-content\/uploads\/2024\/06\/IMG_4903-300x225.jpeg 300w, https:\/\/perfectkarpit.hu\/wp-content\/uploads\/2024\/06\/IMG_4903-768x576.jpeg 768w, https:\/\/perfectkarpit.hu\/wp-content\/uploads\/2024\/06\/IMG_4903-1536x1152.jpeg 1536w, https:\/\/perfectkarpit.hu\/wp-content\/uploads\/2024\/06\/IMG_4903.jpeg 2048w\" sizes=\"(max-width: 1024px) 100vw, 1024px\" \/><\/figure><div class=\"wp-block-media-text__content\"><p>V\u00e9di a g\u00e9lt, karossz\u00e9ri\u00e1t<\/p><\/div><\/div>\n\n<div class=\"wp-block-media-text is-stacked-on-mobile\"><figure class=\"wp-block-media-text__media\"><img loading=\"lazy\" decoding=\"async\" width=\"1024\" height=\"768\" src=\"http:\/\/perfectkarpit.hu\/wp-content\/uploads\/2025\/02\/IMG_4758-1024x768.jpeg\" alt=\"\" class=\"wp-image-323 size-full\" srcset=\"https:\/\/perfectkarpit.hu\/wp-content\/uploads\/2025\/02\/IMG_4758-1024x768.jpeg 1024w, https:\/\/perfectkarpit.hu\/wp-content\/uploads\/2025\/02\/IMG_4758-300x225.jpeg 300w, https:\/\/perfectkarpit.hu\/wp-content\/uploads\/2025\/02\/IMG_4758-768x576.jpeg 768w, https:\/\/perfectkarpit.hu\/wp-content\/uploads\/2025\/02\/IMG_4758-1536x1152.jpeg 1536w, https:\/\/perfectkarpit.hu\/wp-content\/uploads\/2025\/02\/IMG_4758-600x450.jpeg 600w, https:\/\/perfectkarpit.hu\/wp-content\/uploads\/2025\/02\/IMG_4758.jpeg 2048w\" sizes=\"(max-width: 1024px) 100vw, 1024px\" \/><\/figure><div class=\"wp-block-media-text__content\"><p>K\u00f6nnyen elt\u00e1vol\u00edthat\u00f3<\/p><\/div><\/div>\n\n<div class=\"wp-block-media-text is-stacked-on-mobile\"><figure class=\"wp-block-media-text__media\"><img loading=\"lazy\" decoding=\"async\" width=\"768\" height=\"1024\" src=\"http:\/\/perfectkarpit.hu\/wp-content\/uploads\/2025\/02\/IMG_4757-768x1024.jpeg\" alt=\"\" class=\"wp-image-322 size-full\" srcset=\"https:\/\/perfectkarpit.hu\/wp-content\/uploads\/2025\/02\/IMG_4757-768x1024.jpeg 768w, https:\/\/perfectkarpit.hu\/wp-content\/uploads\/2025\/02\/IMG_4757-225x300.jpeg 225w, https:\/\/perfectkarpit.hu\/wp-content\/uploads\/2025\/02\/IMG_4757-1152x1536.jpeg 1152w, https:\/\/perfectkarpit.hu\/wp-content\/uploads\/2025\/02\/IMG_4757-600x800.jpeg 600w, https:\/\/perfectkarpit.hu\/wp-content\/uploads\/2025\/02\/IMG_4757.jpeg 1536w\" sizes=\"(max-width: 768px) 100vw, 768px\" \/><\/figure><div class=\"wp-block-media-text__content\"><p>Egyedi st\u00edlust k\u00f6lcs\u00f6n\u00f6z<\/p><\/div><\/div>\n\n<figure class=\"wp-block-gallery has-nested-images columns-default is-cropped wp-block-gallery-1 is-layout-flex wp-block-gallery-is-layout-flex\"><figure class=\"wp-block-image size-large\"><img loading=\"lazy\" decoding=\"async\" width=\"768\" height=\"1024\" data-id=\"489\" src=\"https:\/\/perfectkarpit.hu\/wp-content\/uploads\/2026\/01\/IMG_9178-768x1024.jpeg\" alt=\"\" class=\"wp-image-489\" srcset=\"https:\/\/perfectkarpit.hu\/wp-content\/uploads\/2026\/01\/IMG_9178-768x1024.jpeg 768w, https:\/\/perfectkarpit.hu\/wp-content\/uploads\/2026\/01\/IMG_9178-225x300.jpeg 225w, https:\/\/perfectkarpit.hu\/wp-content\/uploads\/2026\/01\/IMG_9178-1152x1536.jpeg 1152w, https:\/\/perfectkarpit.hu\/wp-content\/uploads\/2026\/01\/IMG_9178-1536x2048.jpeg 1536w, https:\/\/perfectkarpit.hu\/wp-content\/uploads\/2026\/01\/IMG_9178-600x800.jpeg 600w, https:\/\/perfectkarpit.hu\/wp-content\/uploads\/2026\/01\/IMG_9178-scaled.jpeg 1920w\" sizes=\"(max-width: 768px) 100vw, 768px\" \/><\/figure>\n\n<figure class=\"wp-block-image size-large\"><img loading=\"lazy\" decoding=\"async\" width=\"768\" height=\"1024\" data-id=\"484\" src=\"https:\/\/perfectkarpit.hu\/wp-content\/uploads\/2026\/01\/IMG_8943-768x1024.jpeg\" alt=\"\" class=\"wp-image-484\" srcset=\"https:\/\/perfectkarpit.hu\/wp-content\/uploads\/2026\/01\/IMG_8943-768x1024.jpeg 768w, https:\/\/perfectkarpit.hu\/wp-content\/uploads\/2026\/01\/IMG_8943-225x300.jpeg 225w, https:\/\/perfectkarpit.hu\/wp-content\/uploads\/2026\/01\/IMG_8943-1152x1536.jpeg 1152w, https:\/\/perfectkarpit.hu\/wp-content\/uploads\/2026\/01\/IMG_8943-1536x2048.jpeg 1536w, https:\/\/perfectkarpit.hu\/wp-content\/uploads\/2026\/01\/IMG_8943-600x800.jpeg 600w, https:\/\/perfectkarpit.hu\/wp-content\/uploads\/2026\/01\/IMG_8943-scaled.jpeg 1920w\" sizes=\"(max-width: 768px) 100vw, 768px\" \/><\/figure>\n\n<figure class=\"wp-block-image size-large\"><img loading=\"lazy\" decoding=\"async\" width=\"768\" height=\"1024\" data-id=\"488\" src=\"https:\/\/perfectkarpit.hu\/wp-content\/uploads\/2026\/01\/IMG_8295-768x1024.jpeg\" alt=\"\" class=\"wp-image-488\" srcset=\"https:\/\/perfectkarpit.hu\/wp-content\/uploads\/2026\/01\/IMG_8295-768x1024.jpeg 768w, https:\/\/perfectkarpit.hu\/wp-content\/uploads\/2026\/01\/IMG_8295-225x300.jpeg 225w, https:\/\/perfectkarpit.hu\/wp-content\/uploads\/2026\/01\/IMG_8295-1152x1536.jpeg 1152w, https:\/\/perfectkarpit.hu\/wp-content\/uploads\/2026\/01\/IMG_8295-1536x2048.jpeg 1536w, https:\/\/perfectkarpit.hu\/wp-content\/uploads\/2026\/01\/IMG_8295-600x800.jpeg 600w, https:\/\/perfectkarpit.hu\/wp-content\/uploads\/2026\/01\/IMG_8295-scaled.jpeg 1920w\" sizes=\"(max-width: 768px) 100vw, 768px\" \/><\/figure>\n\n<figure class=\"wp-block-image size-large\"><img loading=\"lazy\" decoding=\"async\" width=\"768\" height=\"1024\" data-id=\"487\" src=\"https:\/\/perfectkarpit.hu\/wp-content\/uploads\/2026\/01\/IMG_8297-768x1024.jpeg\" alt=\"\" class=\"wp-image-487\" srcset=\"https:\/\/perfectkarpit.hu\/wp-content\/uploads\/2026\/01\/IMG_8297-768x1024.jpeg 768w, https:\/\/perfectkarpit.hu\/wp-content\/uploads\/2026\/01\/IMG_8297-225x300.jpeg 225w, https:\/\/perfectkarpit.hu\/wp-content\/uploads\/2026\/01\/IMG_8297-1152x1536.jpeg 1152w, https:\/\/perfectkarpit.hu\/wp-content\/uploads\/2026\/01\/IMG_8297-1536x2048.jpeg 1536w, https:\/\/perfectkarpit.hu\/wp-content\/uploads\/2026\/01\/IMG_8297-600x800.jpeg 600w, https:\/\/perfectkarpit.hu\/wp-content\/uploads\/2026\/01\/IMG_8297-scaled.jpeg 1920w\" sizes=\"(max-width: 768px) 100vw, 768px\" \/><\/figure>\n\n<figure class=\"wp-block-image size-large\"><img loading=\"lazy\" decoding=\"async\" width=\"768\" height=\"1024\" data-id=\"486\" src=\"https:\/\/perfectkarpit.hu\/wp-content\/uploads\/2026\/01\/IMG_7547-768x1024.jpeg\" alt=\"\" class=\"wp-image-486\" srcset=\"https:\/\/perfectkarpit.hu\/wp-content\/uploads\/2026\/01\/IMG_7547-768x1024.jpeg 768w, https:\/\/perfectkarpit.hu\/wp-content\/uploads\/2026\/01\/IMG_7547-225x300.jpeg 225w, https:\/\/perfectkarpit.hu\/wp-content\/uploads\/2026\/01\/IMG_7547-1152x1536.jpeg 1152w, https:\/\/perfectkarpit.hu\/wp-content\/uploads\/2026\/01\/IMG_7547-1536x2048.jpeg 1536w, https:\/\/perfectkarpit.hu\/wp-content\/uploads\/2026\/01\/IMG_7547-600x800.jpeg 600w, https:\/\/perfectkarpit.hu\/wp-content\/uploads\/2026\/01\/IMG_7547-scaled.jpeg 1920w\" sizes=\"(max-width: 768px) 100vw, 768px\" \/><\/figure>\n\n<figure class=\"wp-block-image size-large\"><img loading=\"lazy\" decoding=\"async\" width=\"768\" height=\"1024\" data-id=\"491\" src=\"https:\/\/perfectkarpit.hu\/wp-content\/uploads\/2026\/01\/IMG_7546-768x1024.jpeg\" alt=\"\" class=\"wp-image-491\" srcset=\"https:\/\/perfectkarpit.hu\/wp-content\/uploads\/2026\/01\/IMG_7546-768x1024.jpeg 768w, https:\/\/perfectkarpit.hu\/wp-content\/uploads\/2026\/01\/IMG_7546-225x300.jpeg 225w, https:\/\/perfectkarpit.hu\/wp-content\/uploads\/2026\/01\/IMG_7546-1152x1536.jpeg 1152w, https:\/\/perfectkarpit.hu\/wp-content\/uploads\/2026\/01\/IMG_7546-1536x2048.jpeg 1536w, https:\/\/perfectkarpit.hu\/wp-content\/uploads\/2026\/01\/IMG_7546-600x800.jpeg 600w, https:\/\/perfectkarpit.hu\/wp-content\/uploads\/2026\/01\/IMG_7546-scaled.jpeg 1920w\" sizes=\"(max-width: 768px) 100vw, 768px\" \/><\/figure>\n\n<figure class=\"wp-block-image size-large\"><img loading=\"lazy\" decoding=\"async\" width=\"1024\" height=\"768\" data-id=\"492\" src=\"https:\/\/perfectkarpit.hu\/wp-content\/uploads\/2026\/01\/IMG_7352-1024x768.jpeg\" alt=\"\" class=\"wp-image-492\" srcset=\"https:\/\/perfectkarpit.hu\/wp-content\/uploads\/2026\/01\/IMG_7352-1024x768.jpeg 1024w, https:\/\/perfectkarpit.hu\/wp-content\/uploads\/2026\/01\/IMG_7352-300x225.jpeg 300w, https:\/\/perfectkarpit.hu\/wp-content\/uploads\/2026\/01\/IMG_7352-768x576.jpeg 768w, https:\/\/perfectkarpit.hu\/wp-content\/uploads\/2026\/01\/IMG_7352-1536x1152.jpeg 1536w, https:\/\/perfectkarpit.hu\/wp-content\/uploads\/2026\/01\/IMG_7352-2048x1536.jpeg 2048w, https:\/\/perfectkarpit.hu\/wp-content\/uploads\/2026\/01\/IMG_7352-600x450.jpeg 600w\" sizes=\"(max-width: 1024px) 100vw, 1024px\" \/><\/figure>\n\n<figure class=\"wp-block-image size-large\"><img loading=\"lazy\" decoding=\"async\" width=\"1024\" height=\"768\" data-id=\"493\" src=\"https:\/\/perfectkarpit.hu\/wp-content\/uploads\/2026\/01\/IMG_7353-1024x768.jpeg\" alt=\"\" class=\"wp-image-493\" srcset=\"https:\/\/perfectkarpit.hu\/wp-content\/uploads\/2026\/01\/IMG_7353-1024x768.jpeg 1024w, https:\/\/perfectkarpit.hu\/wp-content\/uploads\/2026\/01\/IMG_7353-300x225.jpeg 300w, https:\/\/perfectkarpit.hu\/wp-content\/uploads\/2026\/01\/IMG_7353-768x576.jpeg 768w, https:\/\/perfectkarpit.hu\/wp-content\/uploads\/2026\/01\/IMG_7353-1536x1152.jpeg 1536w, https:\/\/perfectkarpit.hu\/wp-content\/uploads\/2026\/01\/IMG_7353-2048x1536.jpeg 2048w, https:\/\/perfectkarpit.hu\/wp-content\/uploads\/2026\/01\/IMG_7353-600x450.jpeg 600w\" sizes=\"(max-width: 1024px) 100vw, 1024px\" \/><\/figure><\/figure><\/div><\/div><figure class=\"wp-block-image alignleft size-large is-resized\"><img loading=\"lazy\" decoding=\"async\" width=\"768\" height=\"1024\" src=\"https:\/\/perfectkarpit.hu\/wp-content\/uploads\/2026\/01\/IMG_7544-768x1024.jpeg\" alt=\"\" class=\"wp-image-490\" style=\"aspect-ratio:0.7500124669625492;width:531px;height:auto\" srcset=\"https:\/\/perfectkarpit.hu\/wp-content\/uploads\/2026\/01\/IMG_7544-768x1024.jpeg 768w, https:\/\/perfectkarpit.hu\/wp-content\/uploads\/2026\/01\/IMG_7544-225x300.jpeg 225w, https:\/\/perfectkarpit.hu\/wp-content\/uploads\/2026\/01\/IMG_7544-1152x1536.jpeg 1152w, https:\/\/perfectkarpit.hu\/wp-content\/uploads\/2026\/01\/IMG_7544-1536x2048.jpeg 1536w, https:\/\/perfectkarpit.hu\/wp-content\/uploads\/2026\/01\/IMG_7544-600x800.jpeg 600w, https:\/\/perfectkarpit.hu\/wp-content\/uploads\/2026\/01\/IMG_7544-scaled.jpeg 1920w\" sizes=\"(max-width: 768px) 100vw, 768px\" \/><\/figure><figure class=\"wp-block-embed is-type-video is-provider-tiktok wp-block-embed-tiktok\"><div class=\"wp-block-embed__wrapper\">\n<blockquote class=\"tiktok-embed\" cite=\"https:\/\/www.tiktok.com\/@perfectkarpit\/video\/7429386018249264416\" data-video-id=\"7429386018249264416\" data-embed-from=\"oembed\" style=\"max-width:605px; min-width:325px;\"> <section> <a target=\"_blank\" title=\"@perfectkarpit\" href=\"https:\/\/www.tiktok.com\/@perfectkarpit?refer=embed\">@perfectkarpit<\/a> <p><\/p> <a target=\"_blank\" title=\"\u266c FEEL THE GROOVE - Queens Road, Fabian Graetz\" href=\"https:\/\/www.tiktok.com\/music\/FEEL-THE-GROOVE-6956807804032944130?refer=embed\">\u266c FEEL THE GROOVE &#8211; Queens Road, Fabian Graetz<\/a> <\/section> <\/blockquote> <script async src=\"https:\/\/www.tiktok.com\/embed.js\"><\/script>\n<\/div><\/figure>","protected":false},"excerpt":{"rendered":"","protected":false},"author":1,"featured_media":0,"parent":0,"menu_order":0,"comment_status":"closed","ping_status":"closed","template":"","meta":{"footnotes":""},"class_list":["post-259","page","type-page","status-publish","hentry"],"_links":{"self":[{"href":"https:\/\/perfectkarpit.hu\/index.php?rest_route=\/wp\/v2\/pages\/259","targetHints":{"allow":["GET"]}}],"collection":[{"href":"https:\/\/perfectkarpit.hu\/index.php?rest_route=\/wp\/v2\/pages"}],"about":[{"href":"https:\/\/perfectkarpit.hu\/index.php?rest_route=\/wp\/v2\/types\/page"}],"author":[{"embeddable":true,"href":"https:\/\/perfectkarpit.hu\/index.php?rest_route=\/wp\/v2\/users\/1"}],"replies":[{"embeddable":true,"href":"https:\/\/perfectkarpit.hu\/index.php?rest_route=%2Fwp%2Fv2%2Fcomments&post=259"}],"version-history":[{"count":6,"href":"https:\/\/perfectkarpit.hu\/index.php?rest_route=\/wp\/v2\/pages\/259\/revisions"}],"predecessor-version":[{"id":494,"href":"https:\/\/perfectkarpit.hu\/index.php?rest_route=\/wp\/v2\/pages\/259\/revisions\/494"}],"wp:attachment":[{"href":"https:\/\/perfectkarpit.hu\/index.php?rest_route=%2Fwp%2Fv2%2Fmedia&parent=259"}],"curies":[{"name":"wp","href":"https:\/\/api.w.org\/{rel}","templated":true}]}}