{"id":104,"date":"2025-02-07T13:34:49","date_gmt":"2025-02-07T12:34:49","guid":{"rendered":"http:\/\/perfectkarpit.hu\/?page_id=104"},"modified":"2025-02-07T13:34:49","modified_gmt":"2025-02-07T12:34:49","slug":"kozerdeku-adatok","status":"publish","type":"page","link":"https:\/\/perfectkarpit.hu\/?page_id=104","title":{"rendered":"K\u00f6z\u00e9rdek\u0171 Adatok"},"content":{"rendered":"<figure class=\"wp-block-image alignright size-large is-resized\"><img fetchpriority=\"high\" decoding=\"async\" width=\"1024\" height=\"707\" src=\"http:\/\/perfectkarpit.hu\/wp-content\/uploads\/2024\/06\/logo-1024x707.png\" alt=\"\" class=\"wp-image-19\" style=\"width:714px;height:auto\" srcset=\"https:\/\/perfectkarpit.hu\/wp-content\/uploads\/2024\/06\/logo-1024x707.png 1024w, https:\/\/perfectkarpit.hu\/wp-content\/uploads\/2024\/06\/logo-600x414.png 600w, https:\/\/perfectkarpit.hu\/wp-content\/uploads\/2024\/06\/logo-300x207.png 300w, https:\/\/perfectkarpit.hu\/wp-content\/uploads\/2024\/06\/logo-768x530.png 768w, https:\/\/perfectkarpit.hu\/wp-content\/uploads\/2024\/06\/logo.png 1066w\" sizes=\"(max-width: 1024px) 100vw, 1024px\" \/><\/figure><p>Sikeresen P\u00e1ly\u00e1ztunk!<\/p><p>A &#8222;Fiatalok v\u00e1llalkoz\u00f3v\u00e1 v\u00e1l\u00e1s\u00e1nak t\u00e1mogat\u00e1sa&#8221; c\u00edm\u0171 p\u00e1ly\u00e1zat keret\u00e9n bel\u00fcl megalap\u00edtottuk a Szak\u00e1cs Andr\u00e1s egy\u00e9ni v\u00e1llalkoz\u00e1st. A p\u00e1ly\u00e1zat kedvez\u0151 elb\u00edr\u00e1l\u00e1s\u00e1nak k\u00f6sz\u00f6nhet\u0151en 3 396 433 Forint vissza nem t\u00e9rintend\u0151 t\u00e1mogat\u00e1st nyert a Szak\u00e1cs Andr\u00e1s E.V.  Az elnyert \u00f6sszegb\u0151l finansz\u00edrozni tudtuk a c\u00e9g honlapfejleszt\u00e9si \u00e9s marketing k\u00f6lts\u00e9geit, illetve a v\u00e1llalkoz\u00e1s eredm\u00e9nyes m\u0171k\u00f6d\u00e9s\u00e9hez sz\u00fcks\u00e9ges eszk\u00f6z\u00f6ket.<\/p><p>T\u00e1mogat\u00e1s m\u00e9rt\u00e9ke: 90%<\/p><p>A projekt befejez\u00e9s\u00e9nek d\u00e1tuma: 2019.02.28<\/p><p>A projekt azonos\u00edt\u00f3sz\u00e1ma: GINOP-5.2.3-16-2018-00548<\/p><p>K\u00f6sz\u00f6nj\u00fck a t\u00e1mogat\u00e1st az Eur\u00f3pai Uni\u00f3nak \u00e9s a Magyar \u00c1llamnak.<\/p>","protected":false},"excerpt":{"rendered":"<p>Sikeresen P\u00e1ly\u00e1ztunk! A &#8222;Fiatalok v\u00e1llalkoz\u00f3v\u00e1 v\u00e1l\u00e1s\u00e1nak t\u00e1mogat\u00e1sa&#8221; c\u00edm\u0171 p\u00e1ly\u00e1zat keret\u00e9n bel\u00fcl megalap\u00edtottuk a Szak\u00e1cs Andr\u00e1s egy\u00e9ni v\u00e1llalkoz\u00e1st. A p\u00e1ly\u00e1zat kedvez\u0151 elb\u00edr\u00e1l\u00e1s\u00e1nak k\u00f6sz\u00f6nhet\u0151en 3 396 433 Forint vissza nem t\u00e9rintend\u0151 t\u00e1mogat\u00e1st nyert a Szak\u00e1cs Andr\u00e1s E.V. Az elnyert \u00f6sszegb\u0151l finansz\u00edrozni tudtuk a c\u00e9g honlapfejleszt\u00e9si \u00e9s marketing k\u00f6lts\u00e9geit, illetve a v\u00e1llalkoz\u00e1s eredm\u00e9nyes m\u0171k\u00f6d\u00e9s\u00e9hez sz\u00fcks\u00e9ges eszk\u00f6z\u00f6ket. T\u00e1mogat\u00e1s m\u00e9rt\u00e9ke: [&hellip;]<\/p>\n","protected":false},"author":1,"featured_media":0,"parent":0,"menu_order":0,"comment_status":"closed","ping_status":"closed","template":"","meta":{"footnotes":""},"class_list":["post-104","page","type-page","status-publish","hentry"],"_links":{"self":[{"href":"https:\/\/perfectkarpit.hu\/index.php?rest_route=\/wp\/v2\/pages\/104","targetHints":{"allow":["GET"]}}],"collection":[{"href":"https:\/\/perfectkarpit.hu\/index.php?rest_route=\/wp\/v2\/pages"}],"about":[{"href":"https:\/\/perfectkarpit.hu\/index.php?rest_route=\/wp\/v2\/types\/page"}],"author":[{"embeddable":true,"href":"https:\/\/perfectkarpit.hu\/index.php?rest_route=\/wp\/v2\/users\/1"}],"replies":[{"embeddable":true,"href":"https:\/\/perfectkarpit.hu\/index.php?rest_route=%2Fwp%2Fv2%2Fcomments&post=104"}],"version-history":[{"count":1,"href":"https:\/\/perfectkarpit.hu\/index.php?rest_route=\/wp\/v2\/pages\/104\/revisions"}],"predecessor-version":[{"id":107,"href":"https:\/\/perfectkarpit.hu\/index.php?rest_route=\/wp\/v2\/pages\/104\/revisions\/107"}],"wp:attachment":[{"href":"https:\/\/perfectkarpit.hu\/index.php?rest_route=%2Fwp%2Fv2%2Fmedia&parent=104"}],"curies":[{"name":"wp","href":"https:\/\/api.w.org\/{rel}","templated":true}]}}